{"id":169,"date":"2025-04-17T11:00:08","date_gmt":"2025-04-17T09:00:08","guid":{"rendered":"https:\/\/botevotest.ideehost.com\/?page_id=169"},"modified":"2025-04-17T11:00:41","modified_gmt":"2025-04-17T09:00:41","slug":"cookie-hinweise","status":"publish","type":"page","link":"https:\/\/botevotest.ideehost.com\/en\/cookie-hinweise\/","title":{"rendered":"cookie policy"},"content":{"rendered":"<p>Wir bei&nbsp;<a href=\"https:\/\/botevotest.ideehost.com\/en\/\">www.botevo.com<\/a>&nbsp;nehmen den Schutz deiner pers\u00f6nlichen Daten ernst.<\/p>\n\n\n\n<p>Diese Cookie-Erkl\u00e4rung beschreibt, wie wir Informationen sammeln, verwenden und offenlegen, die wir \u00fcber Sie erhalten, wenn Sie unsere Website besuchen.<\/p>\n\n\n\n<p>Wir verwenden Cookies und \u00e4hnliche Technologien, um Ihre Erfahrung auf unserer Website zu verbessern und Ihnen personalisierte Inhalte und Werbung anzubieten.<\/p>\n\n\n\n<p><strong>Technische oder funktionelle Cookies:<br><\/strong><br>Einige Cookies stellen sicher, dass Teile unserer Website richtig funktionieren und Ihren Nutzervorlieben bekannt bleiben. Durch das Platzieren funktionaler Cookies machen wir es Ihnen einfacher, unsere Website zu besuchen. Auf diese Weise m\u00fcssen Sie bei Besuchen unserer Website nicht wiederholt die gleichen Informationen eingeben, oder deine Gegenst\u00e4nde bleiben beispielsweise in deinem Warenkorb, bis du bezahlst. Wir k\u00f6nnen diese Cookies ohne Ihr Einverst\u00e4ndnis platzieren.<\/p>\n\n\n\n<p><strong>Marketing- \/ Tracking-Cookies:<br><\/strong><br>Marketing- \/ Tracking-Cookies sind Cookies oder eine andere Form der lokalen Speicherung, die zur Erstellung von Benutzerprofilen verwendet werden, um Werbung anzuzeigen oder den Benutzer auf dieser Website oder \u00fcber mehrere Websites hinweg f\u00fcr \u00e4hnliche Marketingzwecke zu verfolgen.<\/p>\n\n\n\n<p><strong>Soziale Medien:<br><\/strong><br>Auf unserer Website haben wir Inhalte von Google eingebunden, um Webseiten zu bewerben (z. B. \"Gef\u00e4llt mir\", \"Pin\") oder zu teilen (z. B. \"Tweet\") in sozialen Netzwerken wie Google. Dieser Inhalt ist mit Code eingebettet, der von Google stammt und Cookies platziert. Diese Inhalte k\u00f6nnen bestimmte Informationen f\u00fcr personalisierte Werbung speichern und verarbeiten.<\/p>\n\n\n\n<p>Bitte lesen Sie sich die Datenschutzerkl\u00e4rung von Google (die sich regelm\u00e4\u00dfig \u00e4ndern kann), um zu erfahren, wie sie mit Ihren (pers\u00f6nlichen) Daten umgehen, die sie mithilfe dieser Cookies verarbeiten.<\/p>\n\n\n\n<p>Die abgerufenen Daten werden so weit wie m\u00f6glich anonymisiert. Google hat seinen Sitz in den Vereinigten Staaten.<\/p>\n\n\n\n<p>Durch die Nutzung unserer Website stimmen Sie der Verwendung von Cookies gem\u00e4\u00df unserer Cookie-Richtlinie zu.<\/p>\n\n\n\n<p>Sie k\u00f6nnen Ihre Cookie-Einstellungen jederzeit \u00e4ndern oder Cookies in Ihrem Browser deaktivieren. Bitte beachten Sie jedoch, dass einige Funktionen unserer Website m\u00f6glicherweise nicht ordnungsgem\u00e4\u00df funktionieren, wenn Sie alle Cookies deaktivieren.<\/p>\n\n\n\n<p>F\u00fcr weitere Informationen dar\u00fcber, wie wir Cookies verwenden und welche Arten von Cookies wir verwenden, lesen Sie bitte unsere vollst\u00e4ndige\u00a0<a href=\"https:\/\/botevotest.ideehost.com\/en\/datenschutz\/\" data-type=\"page\" data-id=\"74\">Privacy<\/a>.<\/p>","protected":false},"excerpt":{"rendered":"<p>Wir bei&nbsp;www.botevo.com&nbsp;nehmen den Schutz deiner pers\u00f6nlichen Daten ernst. Diese Cookie-Erkl\u00e4rung beschreibt, wie wir Informationen sammeln, verwenden und offenlegen, die wir \u00fcber Sie erhalten, wenn Sie unsere Website besuchen. Wir verwenden Cookies und \u00e4hnliche Technologien, um Ihre Erfahrung auf unserer Website zu verbessern und Ihnen personalisierte Inhalte und Werbung anzubieten. Technische oder funktionelle Cookies:Einige Cookies stellen [&hellip;]<\/p>","protected":false},"author":1,"featured_media":0,"parent":0,"menu_order":0,"comment_status":"closed","ping_status":"closed","template":"","meta":{"_seopress_robots_primary_cat":"","_seopress_titles_title":"","_seopress_titles_desc":"","_seopress_robots_index":"","footnotes":""},"class_list":["post-169","page","type-page","status-publish","hentry"],"_links":{"self":[{"href":"https:\/\/botevotest.ideehost.com\/en\/wp-json\/wp\/v2\/pages\/169","targetHints":{"allow":["GET"]}}],"collection":[{"href":"https:\/\/botevotest.ideehost.com\/en\/wp-json\/wp\/v2\/pages"}],"about":[{"href":"https:\/\/botevotest.ideehost.com\/en\/wp-json\/wp\/v2\/types\/page"}],"author":[{"embeddable":true,"href":"https:\/\/botevotest.ideehost.com\/en\/wp-json\/wp\/v2\/users\/1"}],"replies":[{"embeddable":true,"href":"https:\/\/botevotest.ideehost.com\/en\/wp-json\/wp\/v2\/comments?post=169"}],"version-history":[{"count":4,"href":"https:\/\/botevotest.ideehost.com\/en\/wp-json\/wp\/v2\/pages\/169\/revisions"}],"predecessor-version":[{"id":412,"href":"https:\/\/botevotest.ideehost.com\/en\/wp-json\/wp\/v2\/pages\/169\/revisions\/412"}],"wp:attachment":[{"href":"https:\/\/botevotest.ideehost.com\/en\/wp-json\/wp\/v2\/media?parent=169"}],"curies":[{"name":"wp","href":"https:\/\/api.w.org\/{rel}","templated":true}]}}