{"id":78,"date":"2025-02-18T10:01:57","date_gmt":"2025-02-18T09:01:57","guid":{"rendered":"https:\/\/botevotest.ideehost.com\/?page_id=78"},"modified":"2025-03-06T14:49:11","modified_gmt":"2025-03-06T13:49:11","slug":"haftungsausschluss","status":"publish","type":"page","link":"https:\/\/botevotest.ideehost.com\/en\/haftungsausschluss\/","title":{"rendered":"Disclaimer"},"content":{"rendered":"<p><strong>\u200d<\/strong>\u200dThe content of our website was created with the greatest possible care. However, we do not guarantee the accuracy, completeness and timeliness of the content provided. As a service provider, we are responsible for our own content on these pages in accordance with general laws in accordance with Section 7 Paragraph 1 TMG. According to \u00a7\u00a7 8 to 10 TMG, however, as a service provider, we are not obliged to monitor transmitted or stored third-party information or to investigate circumstances that indicate illegal activity. Obligations to remove or block the use of information in accordance with general laws remain unaffected. However, liability in this regard is only possible from the time of knowledge of a specific infringement of law. As soon as we become aware of such legal violations, we will remove this content immediately.<\/p>\n\n\n\n<p>We assume no liability for the content of external links. Only their operators are responsible for the content of the linked pages.<\/p>\n\n\n\n<p>Please note that this disclaimer is only general and may not cover all specific aspects of your business. It is recommended that you consult a legal advisor to ensure that the disclaimer meets your requirements and complies with applicable laws and regulations.<\/p>","protected":false},"excerpt":{"rendered":"<p>\u200dDie Inhalte unserer Website wurden mit gr\u00f6\u00dftm\u00f6glicher Sorgfalt erstellt. Wir \u00fcbernehmen jedoch keine Gew\u00e4hr f\u00fcr die Richtigkeit, Vollst\u00e4ndigkeit und Aktualit\u00e4t der bereitgestellten Inhalte. Als Diensteanbieter sind wir gem\u00e4\u00df \u00a7 7 Abs.1 TMG f\u00fcr eigene Inhalte auf diesen Seiten nach den allgemeinen Gesetzen verantwortlich. Nach \u00a7\u00a7 8 bis 10 TMG sind wir als Diensteanbieter jedoch nicht [&hellip;]<\/p>","protected":false},"author":1,"featured_media":0,"parent":0,"menu_order":0,"comment_status":"closed","ping_status":"closed","template":"","meta":{"_seopress_robots_primary_cat":"","_seopress_titles_title":"","_seopress_titles_desc":"","_seopress_robots_index":"","footnotes":""},"class_list":["post-78","page","type-page","status-publish","hentry"],"_links":{"self":[{"href":"https:\/\/botevotest.ideehost.com\/en\/wp-json\/wp\/v2\/pages\/78","targetHints":{"allow":["GET"]}}],"collection":[{"href":"https:\/\/botevotest.ideehost.com\/en\/wp-json\/wp\/v2\/pages"}],"about":[{"href":"https:\/\/botevotest.ideehost.com\/en\/wp-json\/wp\/v2\/types\/page"}],"author":[{"embeddable":true,"href":"https:\/\/botevotest.ideehost.com\/en\/wp-json\/wp\/v2\/users\/1"}],"replies":[{"embeddable":true,"href":"https:\/\/botevotest.ideehost.com\/en\/wp-json\/wp\/v2\/comments?post=78"}],"version-history":[{"count":2,"href":"https:\/\/botevotest.ideehost.com\/en\/wp-json\/wp\/v2\/pages\/78\/revisions"}],"predecessor-version":[{"id":166,"href":"https:\/\/botevotest.ideehost.com\/en\/wp-json\/wp\/v2\/pages\/78\/revisions\/166"}],"wp:attachment":[{"href":"https:\/\/botevotest.ideehost.com\/en\/wp-json\/wp\/v2\/media?parent=78"}],"curies":[{"name":"wp","href":"https:\/\/api.w.org\/{rel}","templated":true}]}}